{"id":24328,"date":"2025-10-27T14:18:29","date_gmt":"2025-10-27T14:18:29","guid":{"rendered":"https:\/\/sharpitours.com\/?page_id=24328"},"modified":"2025-12-16T20:20:33","modified_gmt":"2025-12-16T20:20:33","slug":"viagens-coporativas","status":"publish","type":"page","link":"https:\/\/sharpitours.com\/en\/viagens-coporativas\/","title":{"rendered":"Corporate travel"},"content":{"rendered":"<div class=\"wpb-content-wrapper\"><div class=\"vc_row wpb_row vc_row-fluid\"><div class=\"wpb_column vc_column_container vc_col-sm-4\"><div class=\"vc_column-inner\"><div class=\"wpb_wrapper\">\n\t<div  class=\"wpb_single_image wpb_content_element vc_align_left wpb_content_element\">\n\t\t\n\t\t<figure class=\"wpb_wrapper vc_figure\">\n\t\t\t<div class=\"vc_single_image-wrapper   vc_box_border_grey\"><img loading=\"lazy\" decoding=\"async\" width=\"1536\" height=\"1026\" src=\"https:\/\/sharpitours.com\/wp-content\/uploads\/2025\/10\/grupo.brinde.png\" class=\"vc_single_image-img attachment-full\" alt=\"\" title=\"grupo.brinde\" srcset=\"https:\/\/sharpitours.com\/wp-content\/uploads\/2025\/10\/grupo.brinde.png 1536w, https:\/\/sharpitours.com\/wp-content\/uploads\/2025\/10\/grupo.brinde-300x200.png 300w, https:\/\/sharpitours.com\/wp-content\/uploads\/2025\/10\/grupo.brinde-1024x684.png 1024w, https:\/\/sharpitours.com\/wp-content\/uploads\/2025\/10\/grupo.brinde-768x513.png 768w, https:\/\/sharpitours.com\/wp-content\/uploads\/2025\/10\/grupo.brinde-458x306.png 458w, https:\/\/sharpitours.com\/wp-content\/uploads\/2025\/10\/grupo.brinde-798x533.png 798w, https:\/\/sharpitours.com\/wp-content\/uploads\/2025\/10\/grupo.brinde-600x401.png 600w\" sizes=\"auto, (max-width: 1536px) 100vw, 1536px\" \/><\/div>\n\t\t<\/figure>\n\t<\/div>\n<\/div><\/div><\/div><div class=\"wpb_column vc_column_container vc_col-sm-8\"><div class=\"vc_column-inner\"><div class=\"wpb_wrapper\"><h4 style=\"color: #FFA343;text-align: left\" class=\"vc_custom_heading vc_do_custom_heading vc_custom_1761574545949\" >Corporate travel<\/h4>\n\t<div class=\"wpb_text_column wpb_content_element vc_custom_1761574747665 theme-padding-top-30\" >\n\t\t<div class=\"wpb_wrapper\">\n\t\t\t<div dir=\"ltr\">\n<p data-olk-copy-source=\"MessageBody\">When time is valuable and every minute counts, corporate mobility must be efficient, comfortable, and flawless.<br \/>\nOur corporate transfers are designed for executives, business teams and special guests, guaranteeing a superior experience from departure to arrival.<br \/>\n<span data-olk-copy-source=\"MessageBody\">With highly qualified private drivers and premium vehicles, we guarantee a distinctive service, characterized by punctuality, safety, and complete discretion.&nbsp;<\/span><\/p>\n<\/div>\n\n\t\t<\/div>\n\t<\/div>\n<\/div><\/div><\/div><\/div><div class=\"vc_row wpb_row vc_row-fluid theme-margin-top-20\"><div class=\"wpb_column vc_column_container vc_col-sm-8\"><div class=\"vc_column-inner\"><div class=\"wpb_wrapper\">\n\t<div class=\"wpb_text_column wpb_content_element vc_custom_1761574763797 theme-padding-top-30\" >\n\t\t<div class=\"wpb_wrapper\">\n\t\t\t<p><span data-olk-copy-source=\"MessageBody\">We take care of all corporate transportation needs: from travel to strategic meetings, business events, conferences or training sessions, to receiving international executives and clients. We also provide transfers between cities and visits to partners, units and branches, always ensuring an efficient trip that is perfectly integrated into each client's professional agenda.<\/span><\/p>\n<p><span data-olk-copy-source=\"MessageBody\">Our service guarantees complete cost transparency, easy invoicing, and centralized booking management, while respecting your organization's travel policies. This allows you to focus on what truly matters: the success of your business.<\/span><\/p>\n\n\t\t<\/div>\n\t<\/div>\n<\/div><\/div><\/div><div class=\"wpb_column vc_column_container vc_col-sm-4\"><div class=\"vc_column-inner\"><div class=\"wpb_wrapper\">\n\t<div  class=\"wpb_single_image wpb_content_element vc_align_right wpb_content_element\">\n\t\t\n\t\t<figure class=\"wpb_wrapper vc_figure\">\n\t\t\t<div class=\"vc_single_image-wrapper   vc_box_border_grey\"><img loading=\"lazy\" decoding=\"async\" width=\"2560\" height=\"1707\" src=\"https:\/\/sharpitours.com\/wp-content\/uploads\/2025\/10\/handsome-business-man-working-computer-car-1-scaled.jpg\" class=\"vc_single_image-img attachment-full\" alt=\"\" title=\"Handsome business man working on a computer in car\" srcset=\"https:\/\/sharpitours.com\/wp-content\/uploads\/2025\/10\/handsome-business-man-working-computer-car-1-scaled.jpg 2560w, https:\/\/sharpitours.com\/wp-content\/uploads\/2025\/10\/handsome-business-man-working-computer-car-1-300x200.jpg 300w, https:\/\/sharpitours.com\/wp-content\/uploads\/2025\/10\/handsome-business-man-working-computer-car-1-1024x683.jpg 1024w, https:\/\/sharpitours.com\/wp-content\/uploads\/2025\/10\/handsome-business-man-working-computer-car-1-768x512.jpg 768w, https:\/\/sharpitours.com\/wp-content\/uploads\/2025\/10\/handsome-business-man-working-computer-car-1-1536x1024.jpg 1536w, https:\/\/sharpitours.com\/wp-content\/uploads\/2025\/10\/handsome-business-man-working-computer-car-1-2048x1365.jpg 2048w, https:\/\/sharpitours.com\/wp-content\/uploads\/2025\/10\/handsome-business-man-working-computer-car-1-460x306.jpg 460w, https:\/\/sharpitours.com\/wp-content\/uploads\/2025\/10\/handsome-business-man-working-computer-car-1-800x533.jpg 800w, https:\/\/sharpitours.com\/wp-content\/uploads\/2025\/10\/handsome-business-man-working-computer-car-1-600x400.jpg 600w\" sizes=\"auto, (max-width: 2560px) 100vw, 2560px\" \/><\/div>\n\t\t<\/figure>\n\t<\/div>\n<\/div><\/div><\/div><\/div><div class=\"vc_row wpb_row vc_row-fluid\"><div class=\"wpb_column vc_column_container vc_col-sm-12\"><div class=\"vc_column-inner vc_custom_1761256650095\"><div class=\"wpb_wrapper\"><h3 style=\"color: #FFA343;text-align: left\" class=\"vc_custom_heading vc_do_custom_heading theme-margin-top-60 theme-margin-bottom-50\" >Skills<\/h3><\/div><\/div><\/div><\/div><div class=\"vc_row wpb_row vc_row-fluid theme-column-style-6 theme-padding-bottom-0 vc_custom_1765916430757 vc_column-gap-35\"><div class=\"theme-margin-bottom-20 wpb_column vc_column_container vc_col-sm-6\"><div class=\"vc_column-inner vc_custom_1761256704858\"><div class=\"wpb_wrapper\">\n\t<div class=\"wpb_text_column wpb_content_element\" >\n\t\t<div class=\"wpb_wrapper\">\n\t\t\t<ul>\n<li><strong>Total Confidentiality<\/strong> \u2013 <span data-olk-copy-source=\"MessageBody\">Sensitive information protected. Your business travels safely.<\/span><\/li>\n<li><strong>Strict Punctuality<\/strong> \u2013 <span data-olk-copy-source=\"MessageBody\">Every minute counts \u2014 we always arrive on time.<\/span><\/li>\n<li><strong>Executive Professionalism<\/strong> \u2013 <span data-olk-copy-source=\"MessageBody\">Drivers trained to handle corporate protocol.<\/span><\/li>\n<\/ul>\n\n\t\t<\/div>\n\t<\/div>\n<\/div><\/div><\/div><div class=\"theme-margin-bottom-20 wpb_column vc_column_container vc_col-sm-6\"><div class=\"vc_column-inner vc_custom_1761256718049\"><div class=\"wpb_wrapper\">\n\t<div class=\"wpb_text_column wpb_content_element\" >\n\t\t<div class=\"wpb_wrapper\">\n\t\t\t<ul>\n<li><strong>Support for the Business Agenda<\/strong> \u2013 Responsible driving, rigorously inspected vehicles.<\/li>\n<li><strong>Cost Transparency <\/strong>\u2013 <span data-olk-copy-source=\"MessageBody\">Simple invoicing tailored to your company's policies.<\/span><\/li>\n<li><strong>Centralized Reservation Management<\/strong> \u2013 <span data-olk-copy-source=\"MessageBody\">An efficient solution for teams and frequent trips.<\/span><\/li>\n<\/ul>\n\n\t\t<\/div>\n\t<\/div>\n<\/div><\/div><\/div><\/div><div class=\"vc_row wpb_row vc_row-fluid\"><div class=\"theme-margin-bottom-0 wpb_column vc_column_container vc_col-sm-12\"><div class=\"vc_column-inner\"><div class=\"wpb_wrapper\"><h3 style=\"color: #FFA343;text-align: center\" class=\"vc_custom_heading vc_do_custom_heading theme-margin-top-60 theme-margin-bottom-50\" >Benefits of working with Sharptours<\/h3><\/div><\/div><\/div><\/div><div class=\"vc_row wpb_row vc_row-fluid\"><div class=\"theme-margin-bottom-0 wpb_column vc_column_container vc_col-sm-12\"><div class=\"vc_column-inner\"><div class=\"wpb_wrapper\">\n            <div class=\"theme-component-feature theme-component-feature-style-1\">\n                <div class=\"vc_row wpb_row vc_inner vc_row-fluid\"><div class=\"wpb_column vc_column_container vc_col-sm-4\"><div class=\"vc_column-inner\"><div class=\"wpb_wrapper\">\r\n            <div class=\"theme-component-feature-item\">\r\n                <span class=\"theme-icon-feature-check theme-component-feature-item-icon\"><span><\/span><\/span>\r\n                <h4 class=\"theme-component-feature-item-header\">Safety and comfort<\/h4><p><span data-olk-copy-source=\"MessageBody\">Experienced and trained drivers ensure safe, comfortable, and worry-free journeys.<\/span><\/p>\n\r\n            <\/div>\r\n        <\/div><\/div><\/div><div class=\"wpb_column vc_column_container vc_col-sm-4\"><div class=\"vc_column-inner\"><div class=\"wpb_wrapper\">\r\n            <div class=\"theme-component-feature-item\">\r\n                <span class=\"theme-icon-feature-price theme-component-feature-item-icon\"><span><\/span><\/span>\r\n                <h4 class=\"theme-component-feature-item-header\">Competitive prices<\/h4><p><span data-olk-copy-source=\"MessageBody\">We offer personalized services at a fair price, always striking the ideal balance between quality and value.<\/span><\/p>\n\r\n            <\/div>\r\n        <\/div><\/div><\/div><div class=\"wpb_column vc_column_container vc_col-sm-4\"><div class=\"vc_column-inner\"><div class=\"wpb_wrapper\">\r\n            <div class=\"theme-component-feature-item\">\r\n                <span class=\"theme-icon-feature-route-1 theme-component-feature-item-icon\"><span><\/span><\/span>\r\n                <h4 class=\"theme-component-feature-item-header\">Long distances<\/h4><p><span data-olk-copy-source=\"MessageBody\">We provide short and long-distance transfers, maintaining the same level of professionalism, comfort, and excellence on every route.<\/span><\/p>\n\r\n            <\/div>\r\n        <\/div><\/div><\/div><\/div>\n            <\/div>\n        <\/div><\/div><\/div><\/div><div class=\"vc_row wpb_row vc_row-fluid vc_custom_1761258760439 vc_row-has-fill vc_row-o-content-middle vc_row-flex\"><div class=\"wpb_column vc_column_container vc_col-sm-12\"><div class=\"vc_column-inner\"><div class=\"wpb_wrapper\"><h3 style=\"color: #FFA343;text-align: center\" class=\"vc_custom_heading vc_do_custom_heading theme-margin-top-60 theme-margin-bottom-50\" >Book now with Sharptours<\/h3>\r\n            <div class=\"theme-component-button theme-component-button-style-1 aligncenter\">\r\n                <a href=\"https:\/\/sharpitours.com\/en\/booking\/\" target=\"_self\">\r\n                    Book now\r\n                <\/a>\r\n            <\/div>\r\n        <\/div><\/div><\/div><\/div>\n<\/div>","protected":false},"excerpt":{"rendered":"Viagens corporativas Quando o tempo \u00e9 valioso e cada minuto conta, a mobilidade corporativa deve ser eficiente, confort\u00e1vel e impec\u00e1vel. Os nossos transfers corporativos s\u00e3o pensados para executivos, equipas de neg\u00f3cios e convidados especiais, garantindo uma experi\u00eancia superior desde a partida at\u00e9 \u00e0 chegada. Com condutores privados altamente qualificados e viaturas premium, garantimos um servi\u00e7o [...]","protected":false},"author":1,"featured_media":0,"parent":0,"menu_order":0,"comment_status":"closed","ping_status":"closed","template":"","meta":{"footnotes":""},"class_list":["post-24328","page","type-page","status-publish","hentry"],"_links":{"self":[{"href":"https:\/\/sharpitours.com\/en\/wp-json\/wp\/v2\/pages\/24328","targetHints":{"allow":["GET"]}}],"collection":[{"href":"https:\/\/sharpitours.com\/en\/wp-json\/wp\/v2\/pages"}],"about":[{"href":"https:\/\/sharpitours.com\/en\/wp-json\/wp\/v2\/types\/page"}],"author":[{"embeddable":true,"href":"https:\/\/sharpitours.com\/en\/wp-json\/wp\/v2\/users\/1"}],"replies":[{"embeddable":true,"href":"https:\/\/sharpitours.com\/en\/wp-json\/wp\/v2\/comments?post=24328"}],"version-history":[{"count":5,"href":"https:\/\/sharpitours.com\/en\/wp-json\/wp\/v2\/pages\/24328\/revisions"}],"predecessor-version":[{"id":24560,"href":"https:\/\/sharpitours.com\/en\/wp-json\/wp\/v2\/pages\/24328\/revisions\/24560"}],"wp:attachment":[{"href":"https:\/\/sharpitours.com\/en\/wp-json\/wp\/v2\/media?parent=24328"}],"curies":[{"name":"wp","href":"https:\/\/api.w.org\/{rel}","templated":true}]}}