{"id":24314,"date":"2025-10-23T22:38:41","date_gmt":"2025-10-23T22:38:41","guid":{"rendered":"https:\/\/sharpitours.com\/?page_id=24314"},"modified":"2025-12-16T20:19:30","modified_gmt":"2025-12-16T20:19:30","slug":"transfers","status":"publish","type":"page","link":"https:\/\/sharpitours.com\/en\/transfers\/","title":{"rendered":"Transfers"},"content":{"rendered":"<div class=\"wpb-content-wrapper\"><div class=\"vc_row wpb_row vc_row-fluid\"><div class=\"wpb_column vc_column_container vc_col-sm-4\"><div class=\"vc_column-inner\"><div class=\"wpb_wrapper\">\n\t<div  class=\"wpb_single_image wpb_content_element vc_align_left wpb_content_element\">\n\t\t\n\t\t<figure class=\"wpb_wrapper vc_figure\">\n\t\t\t<div class=\"vc_single_image-wrapper   vc_box_border_grey\"><img loading=\"lazy\" decoding=\"async\" width=\"1536\" height=\"1024\" src=\"https:\/\/sharpitours.com\/wp-content\/uploads\/2025\/10\/Transfer1.png\" class=\"vc_single_image-img attachment-full\" alt=\"\" title=\"Transfer1\" srcset=\"https:\/\/sharpitours.com\/wp-content\/uploads\/2025\/10\/Transfer1.png 1536w, https:\/\/sharpitours.com\/wp-content\/uploads\/2025\/10\/Transfer1-300x200.png 300w, https:\/\/sharpitours.com\/wp-content\/uploads\/2025\/10\/Transfer1-1024x683.png 1024w, https:\/\/sharpitours.com\/wp-content\/uploads\/2025\/10\/Transfer1-768x512.png 768w, https:\/\/sharpitours.com\/wp-content\/uploads\/2025\/10\/Transfer1-460x306.png 460w, https:\/\/sharpitours.com\/wp-content\/uploads\/2025\/10\/Transfer1-800x533.png 800w, https:\/\/sharpitours.com\/wp-content\/uploads\/2025\/10\/Transfer1-600x400.png 600w\" sizes=\"auto, (max-width: 1536px) 100vw, 1536px\" \/><\/div>\n\t\t<\/figure>\n\t<\/div>\n<\/div><\/div><\/div><div class=\"wpb_column vc_column_container vc_col-sm-8\"><div class=\"vc_column-inner\"><div class=\"wpb_wrapper\"><h4 style=\"color: #FFA343;text-align: left\" class=\"vc_custom_heading vc_do_custom_heading vc_custom_1761259118390\" >Transfers<\/h4>\n\t<div class=\"wpb_text_column wpb_content_element vc_custom_1761295627841 theme-padding-top-30\" >\n\t\t<div class=\"wpb_wrapper\">\n\t\t\t<p><span data-olk-copy-source=\"MessageBody\">We have a dedicated private transfer operation, created to offer excellent services throughout the country, with comfort, punctuality and discretion.<b><\/b><\/span><\/p>\n<p>Whether you're traveling with family, friends, or for work, we guarantee a personalized and stress-free experience tailored to your needs.<br \/>\nWhile you enjoy the journey, we take care of every detail, ensuring your trip is as comfortable and peaceful as possible.<\/p>\n\n\t\t<\/div>\n\t<\/div>\n<\/div><\/div><\/div><\/div><div class=\"vc_row wpb_row vc_row-fluid theme-margin-top-20\"><div class=\"wpb_column vc_column_container vc_col-sm-8\"><div class=\"vc_column-inner\"><div class=\"wpb_wrapper\">\n\t<div class=\"wpb_text_column wpb_content_element vc_custom_1761295649916 theme-padding-top-30\" >\n\t\t<div class=\"wpb_wrapper\">\n\t\t\t<p><span data-olk-copy-source=\"MessageBody\">Our experienced drivers will guide you professionally and discreetly, ensuring comfort and safety at every destination.<b><\/b><\/span><\/p>\n<p>We have developed a specialized private transfer operation, which allows us to offer excellent services throughout the country.<br \/>\nWhen planning a special event or trip, enjoy the moment with those you love most; we'll take care of the driving so you can relax and enjoy the journey.<\/p>\n\n\t\t<\/div>\n\t<\/div>\n<\/div><\/div><\/div><div class=\"wpb_column vc_column_container vc_col-sm-4\"><div class=\"vc_column-inner\"><div class=\"wpb_wrapper\">\n\t<div  class=\"wpb_single_image wpb_content_element vc_align_right wpb_content_element\">\n\t\t\n\t\t<figure class=\"wpb_wrapper vc_figure\">\n\t\t\t<div class=\"vc_single_image-wrapper   vc_box_border_grey\"><img loading=\"lazy\" decoding=\"async\" width=\"2048\" height=\"1259\" src=\"https:\/\/sharpitours.com\/wp-content\/uploads\/2025\/10\/transfer3.png\" class=\"vc_single_image-img attachment-full\" alt=\"\" title=\"transfer3\" srcset=\"https:\/\/sharpitours.com\/wp-content\/uploads\/2025\/10\/transfer3.png 2048w, https:\/\/sharpitours.com\/wp-content\/uploads\/2025\/10\/transfer3-300x184.png 300w, https:\/\/sharpitours.com\/wp-content\/uploads\/2025\/10\/transfer3-1024x630.png 1024w, https:\/\/sharpitours.com\/wp-content\/uploads\/2025\/10\/transfer3-768x472.png 768w, https:\/\/sharpitours.com\/wp-content\/uploads\/2025\/10\/transfer3-1536x944.png 1536w, https:\/\/sharpitours.com\/wp-content\/uploads\/2025\/10\/transfer3-460x283.png 460w, https:\/\/sharpitours.com\/wp-content\/uploads\/2025\/10\/transfer3-800x492.png 800w, https:\/\/sharpitours.com\/wp-content\/uploads\/2025\/10\/transfer3-600x369.png 600w\" sizes=\"auto, (max-width: 2048px) 100vw, 2048px\" \/><\/div>\n\t\t<\/figure>\n\t<\/div>\n<\/div><\/div><\/div><\/div><div class=\"vc_row wpb_row vc_row-fluid\"><div class=\"wpb_column vc_column_container vc_col-sm-12\"><div class=\"vc_column-inner vc_custom_1765916276983\"><div class=\"wpb_wrapper\"><h3 style=\"color: #FFA343;text-align: left\" class=\"vc_custom_heading vc_do_custom_heading theme-margin-top-60 theme-margin-bottom-50\" >Skills<\/h3><\/div><\/div><\/div><\/div><div class=\"vc_row wpb_row vc_row-fluid theme-column-style-6 theme-padding-bottom-0 vc_custom_1765916367204 vc_column-gap-35\"><div class=\"theme-margin-bottom-20 wpb_column vc_column_container vc_col-sm-6\"><div class=\"vc_column-inner vc_custom_1765916323354\"><div class=\"wpb_wrapper\">\n\t<div class=\"wpb_text_column wpb_content_element\" >\n\t\t<div class=\"wpb_wrapper\">\n\t\t\t<ul>\n<li><strong>Absolute Punctuality -<\/strong> Every minute counts. We're always where you need us, at the right time.<\/li>\n<li><strong>Premium Comfort -<\/strong> High-end vehicles, prepared for every detail of your trip.<\/li>\n<li><strong>Professionalism -<\/strong> Experienced, discreet, and customer-oriented drivers.<\/li>\n<\/ul>\n\n\t\t<\/div>\n\t<\/div>\n<\/div><\/div><\/div><div class=\"theme-margin-bottom-20 wpb_column vc_column_container vc_col-sm-6\"><div class=\"vc_column-inner vc_custom_1761256718049\"><div class=\"wpb_wrapper\">\n\t<div class=\"wpb_text_column wpb_content_element\" >\n\t\t<div class=\"wpb_wrapper\">\n\t\t\t<ul>\n<li><strong>Security Guaranteed<\/strong> \u2013 Responsible driving, rigorously inspected vehicles.<\/li>\n<li><strong>Total Flexibility<\/strong> \u2013 Personalized transfers, tailored to your pace and needs.<\/li>\n<li><strong>Local Knowledge<\/strong> \u2013 Smart itineraries and exclusive recommendations throughout the country.<\/li>\n<\/ul>\n\n\t\t<\/div>\n\t<\/div>\n<\/div><\/div><\/div><\/div><div class=\"vc_row wpb_row vc_row-fluid\"><div class=\"theme-margin-bottom-0 wpb_column vc_column_container vc_col-sm-12\"><div class=\"vc_column-inner\"><div class=\"wpb_wrapper\"><h3 style=\"color: #FFA343;text-align: center\" class=\"vc_custom_heading vc_do_custom_heading theme-margin-top-60 theme-margin-bottom-50\" >Benefits of working with Sharptours<\/h3><\/div><\/div><\/div><\/div><div class=\"vc_row wpb_row vc_row-fluid\"><div class=\"theme-margin-bottom-0 wpb_column vc_column_container vc_col-sm-12\"><div class=\"vc_column-inner\"><div class=\"wpb_wrapper\">\n            <div class=\"theme-component-feature theme-component-feature-style-1\">\n                <div class=\"vc_row wpb_row vc_inner vc_row-fluid\"><div class=\"wpb_column vc_column_container vc_col-sm-4\"><div class=\"vc_column-inner\"><div class=\"wpb_wrapper\">\r\n            <div class=\"theme-component-feature-item\">\r\n                <span class=\"theme-icon-feature-check theme-component-feature-item-icon\"><span><\/span><\/span>\r\n                <h4 class=\"theme-component-feature-item-header\">Safety and comfort<\/h4><p><span data-olk-copy-source=\"MessageBody\">Experienced and trained drivers ensure safe, comfortable, and worry-free journeys.<\/span><\/p>\n\r\n            <\/div>\r\n        <\/div><\/div><\/div><div class=\"wpb_column vc_column_container vc_col-sm-4\"><div class=\"vc_column-inner\"><div class=\"wpb_wrapper\">\r\n            <div class=\"theme-component-feature-item\">\r\n                <span class=\"theme-icon-feature-price theme-component-feature-item-icon\"><span><\/span><\/span>\r\n                <h4 class=\"theme-component-feature-item-header\">Competitive prices<\/h4><p><span data-olk-copy-source=\"MessageBody\">We offer personalized services at a fair price, always striking the ideal balance between quality and value.<\/span><\/p>\n\r\n            <\/div>\r\n        <\/div><\/div><\/div><div class=\"wpb_column vc_column_container vc_col-sm-4\"><div class=\"vc_column-inner\"><div class=\"wpb_wrapper\">\r\n            <div class=\"theme-component-feature-item\">\r\n                <span class=\"theme-icon-feature-route-1 theme-component-feature-item-icon\"><span><\/span><\/span>\r\n                <h4 class=\"theme-component-feature-item-header\">Long distances<\/h4><p><span data-olk-copy-source=\"MessageBody\">We provide short and long-distance transfers, maintaining the same level of professionalism, comfort, and excellence on every route.<\/span><\/p>\n\r\n            <\/div>\r\n        <\/div><\/div><\/div><\/div>\n            <\/div>\n        <\/div><\/div><\/div><\/div><div class=\"vc_row wpb_row vc_row-fluid vc_custom_1761258760439 vc_row-has-fill vc_row-o-content-middle vc_row-flex\"><div class=\"wpb_column vc_column_container vc_col-sm-12\"><div class=\"vc_column-inner\"><div class=\"wpb_wrapper\"><h3 style=\"color: #FFA343;text-align: center\" class=\"vc_custom_heading vc_do_custom_heading theme-margin-top-60 theme-margin-bottom-50\" >Book now with Sharptours<\/h3>\r\n            <div class=\"theme-component-button theme-component-button-style-1 aligncenter\">\r\n                <a href=\"https:\/\/sharpitours.com\/en\/booking\/\" target=\"_self\">\r\n                    Book now\r\n                <\/a>\r\n            <\/div>\r\n        <\/div><\/div><\/div><\/div>\n<\/div>","protected":false},"excerpt":{"rendered":"Transfers Dispomos de uma opera\u00e7\u00e3o dedicada de transfers privados, criada para oferecer servi\u00e7os de excel\u00eancia em todo o pa\u00eds, com conforto, pontualidade e discri\u00e7\u00e3o. Quer viaje em fam\u00edlia, com amigos ou em trabalho, garantimos uma experi\u00eancia personalizada e tranquila, adaptada \u00e0s suas necessidades. Enquanto desfruta do percurso, n\u00f3s cuidamos de cada detalhe, assegurando que a [...]","protected":false},"author":1,"featured_media":0,"parent":0,"menu_order":0,"comment_status":"closed","ping_status":"closed","template":"","meta":{"footnotes":""},"class_list":["post-24314","page","type-page","status-publish","hentry"],"_links":{"self":[{"href":"https:\/\/sharpitours.com\/en\/wp-json\/wp\/v2\/pages\/24314","targetHints":{"allow":["GET"]}}],"collection":[{"href":"https:\/\/sharpitours.com\/en\/wp-json\/wp\/v2\/pages"}],"about":[{"href":"https:\/\/sharpitours.com\/en\/wp-json\/wp\/v2\/types\/page"}],"author":[{"embeddable":true,"href":"https:\/\/sharpitours.com\/en\/wp-json\/wp\/v2\/users\/1"}],"replies":[{"embeddable":true,"href":"https:\/\/sharpitours.com\/en\/wp-json\/wp\/v2\/comments?post=24314"}],"version-history":[{"count":12,"href":"https:\/\/sharpitours.com\/en\/wp-json\/wp\/v2\/pages\/24314\/revisions"}],"predecessor-version":[{"id":24558,"href":"https:\/\/sharpitours.com\/en\/wp-json\/wp\/v2\/pages\/24314\/revisions\/24558"}],"wp:attachment":[{"href":"https:\/\/sharpitours.com\/en\/wp-json\/wp\/v2\/media?parent=24314"}],"curies":[{"name":"wp","href":"https:\/\/api.w.org\/{rel}","templated":true}]}}