{"id":23910,"date":"2025-09-30T00:08:38","date_gmt":"2025-09-30T00:08:38","guid":{"rendered":"https:\/\/sharpitours.com\/?page_id=23910"},"modified":"2025-12-16T20:20:24","modified_gmt":"2025-12-16T20:20:24","slug":"servico-as-ordens","status":"publish","type":"page","link":"https:\/\/sharpitours.com\/en\/servico-as-ordens\/","title":{"rendered":"Hourly as directed"},"content":{"rendered":"<div class=\"wpb-content-wrapper\"><div class=\"vc_row wpb_row vc_row-fluid\"><div class=\"wpb_column vc_column_container vc_col-sm-4\"><div class=\"vc_column-inner\"><div class=\"wpb_wrapper\">\n\t<div  class=\"wpb_single_image wpb_content_element vc_align_left wpb_content_element\">\n\t\t\n\t\t<figure class=\"wpb_wrapper vc_figure\">\n\t\t\t<div class=\"vc_single_image-wrapper   vc_box_border_grey\"><img loading=\"lazy\" decoding=\"async\" width=\"1536\" height=\"1024\" src=\"https:\/\/sharpitours.com\/wp-content\/uploads\/2025\/10\/Servico-as-Ordens-2-Subst.png\" class=\"vc_single_image-img attachment-full\" alt=\"\" title=\"Servic\u0327o a\u0300s Ordens 2 Subst\" srcset=\"https:\/\/sharpitours.com\/wp-content\/uploads\/2025\/10\/Servico-as-Ordens-2-Subst.png 1536w, https:\/\/sharpitours.com\/wp-content\/uploads\/2025\/10\/Servico-as-Ordens-2-Subst-300x200.png 300w, https:\/\/sharpitours.com\/wp-content\/uploads\/2025\/10\/Servico-as-Ordens-2-Subst-1024x683.png 1024w, https:\/\/sharpitours.com\/wp-content\/uploads\/2025\/10\/Servico-as-Ordens-2-Subst-768x512.png 768w, https:\/\/sharpitours.com\/wp-content\/uploads\/2025\/10\/Servico-as-Ordens-2-Subst-460x306.png 460w, https:\/\/sharpitours.com\/wp-content\/uploads\/2025\/10\/Servico-as-Ordens-2-Subst-800x533.png 800w, https:\/\/sharpitours.com\/wp-content\/uploads\/2025\/10\/Servico-as-Ordens-2-Subst-600x400.png 600w\" sizes=\"auto, (max-width: 1536px) 100vw, 1536px\" \/><\/div>\n\t\t<\/figure>\n\t<\/div>\n<\/div><\/div><\/div><div class=\"wpb_column vc_column_container vc_col-sm-8\"><div class=\"vc_column-inner\"><div class=\"wpb_wrapper\"><h4 style=\"color: #FFA343;text-align: left\" class=\"vc_custom_heading vc_do_custom_heading vc_custom_1759190930072\" >Hourly as directed<\/h4>\n\t<div class=\"wpb_text_column wpb_content_element vc_custom_1761257411081 theme-padding-top-30\" >\n\t\t<div class=\"wpb_wrapper\">\n\t\t\t<p><span data-olk-copy-source=\"MessageBody\">Every trip should reflect comfort, exclusivity, and tranquility. We offer fully customized transportation solutions, tailored to your needs and expectations \u2014 whether for special events, family trips, business appointments, or private transfers anywhere in the country.<\/span><\/p>\n<p><span data-olk-copy-source=\"MessageBody\">The team consists of experienced and attentive drivers, prepared to guarantee a smooth, safe, and elegant experience.&nbsp;<\/span><\/p>\n\n\t\t<\/div>\n\t<\/div>\n<\/div><\/div><\/div><\/div><div class=\"vc_row wpb_row vc_row-fluid theme-margin-top-20\"><div class=\"wpb_column vc_column_container vc_col-sm-8\"><div class=\"vc_column-inner\"><div class=\"wpb_wrapper\">\n\t<div class=\"wpb_text_column wpb_content_element vc_custom_1761257418344 theme-padding-top-30\" >\n\t\t<div class=\"wpb_wrapper\">\n\t\t\t<p><span data-olk-copy-source=\"MessageBody\"><br \/>\nFrom the moment you begin your journey until you reach your destination, everything is meticulously planned \u2014 so that each leg of the journey is as enjoyable as the purpose of your trip.<br \/>\nEach journey becomes a distinct experience, marked by the elegance, safety, and confidence that define our way of serving. <\/span><\/p>\n<p><span data-olk-copy-source=\"MessageBody\">Because traveling well is more than just reaching your destination \u2014 it's about feeling truly good the entire way.<\/span><\/p>\n\n\t\t<\/div>\n\t<\/div>\n<\/div><\/div><\/div><div class=\"wpb_column vc_column_container vc_col-sm-4\"><div class=\"vc_column-inner\"><div class=\"wpb_wrapper\">\n\t<div  class=\"wpb_single_image wpb_content_element vc_align_right wpb_content_element\">\n\t\t\n\t\t<figure class=\"wpb_wrapper vc_figure\">\n\t\t\t<div class=\"vc_single_image-wrapper   vc_box_border_grey\"><img loading=\"lazy\" decoding=\"async\" width=\"2048\" height=\"1365\" src=\"https:\/\/sharpitours.com\/wp-content\/uploads\/2025\/10\/Servico-as-Ordens-3.png\" class=\"vc_single_image-img attachment-full\" alt=\"\" title=\"Servic\u0327o a\u0300s Ordens 3\" srcset=\"https:\/\/sharpitours.com\/wp-content\/uploads\/2025\/10\/Servico-as-Ordens-3.png 2048w, https:\/\/sharpitours.com\/wp-content\/uploads\/2025\/10\/Servico-as-Ordens-3-300x200.png 300w, https:\/\/sharpitours.com\/wp-content\/uploads\/2025\/10\/Servico-as-Ordens-3-1024x683.png 1024w, https:\/\/sharpitours.com\/wp-content\/uploads\/2025\/10\/Servico-as-Ordens-3-768x512.png 768w, https:\/\/sharpitours.com\/wp-content\/uploads\/2025\/10\/Servico-as-Ordens-3-1536x1024.png 1536w, https:\/\/sharpitours.com\/wp-content\/uploads\/2025\/10\/Servico-as-Ordens-3-460x306.png 460w, https:\/\/sharpitours.com\/wp-content\/uploads\/2025\/10\/Servico-as-Ordens-3-800x533.png 800w, https:\/\/sharpitours.com\/wp-content\/uploads\/2025\/10\/Servico-as-Ordens-3-600x400.png 600w\" sizes=\"auto, (max-width: 2048px) 100vw, 2048px\" \/><\/div>\n\t\t<\/figure>\n\t<\/div>\n<\/div><\/div><\/div><\/div><div class=\"vc_row wpb_row vc_row-fluid\"><div class=\"wpb_column vc_column_container vc_col-sm-12\"><div class=\"vc_column-inner vc_custom_1761256650095\"><div class=\"wpb_wrapper\"><h3 style=\"color: #FFA343;text-align: left\" class=\"vc_custom_heading vc_do_custom_heading theme-margin-top-60 theme-margin-bottom-50\" >Skills<\/h3><\/div><\/div><\/div><\/div><div class=\"vc_row wpb_row vc_row-fluid theme-column-style-6 theme-padding-bottom-0 vc_custom_1765916421621 vc_column-gap-35\"><div class=\"theme-margin-bottom-20 wpb_column vc_column_container vc_col-sm-6\"><div class=\"vc_column-inner vc_custom_1761256704858\"><div class=\"wpb_wrapper\">\n\t<div class=\"wpb_text_column wpb_content_element\" >\n\t\t<div class=\"wpb_wrapper\">\n\t\t\t<ul>\n<li><strong>Absolute Punctuality -<\/strong> Every minute counts. We're always where you need us, at the right time.<\/li>\n<li><strong>Premium Comfort -<\/strong> High-end vehicles, prepared for every detail of your trip.<\/li>\n<li><strong>Professionalism -<\/strong> Experienced, discreet, and customer-oriented drivers.<\/li>\n<\/ul>\n\n\t\t<\/div>\n\t<\/div>\n<\/div><\/div><\/div><div class=\"theme-margin-bottom-20 wpb_column vc_column_container vc_col-sm-6\"><div class=\"vc_column-inner vc_custom_1761256718049\"><div class=\"wpb_wrapper\">\n\t<div class=\"wpb_text_column wpb_content_element\" >\n\t\t<div class=\"wpb_wrapper\">\n\t\t\t<ul>\n<li><strong>Security Guaranteed<\/strong> \u2013 Responsible driving, rigorously inspected vehicles.<\/li>\n<li><strong>Total Flexibility<\/strong> \u2013 Personalized transfers, tailored to your pace and needs.<\/li>\n<li><strong>Local Knowledge<\/strong> \u2013 Smart itineraries and exclusive recommendations throughout the country.<\/li>\n<\/ul>\n\n\t\t<\/div>\n\t<\/div>\n<\/div><\/div><\/div><\/div><div class=\"vc_row wpb_row vc_row-fluid\"><div class=\"theme-margin-bottom-0 wpb_column vc_column_container vc_col-sm-12\"><div class=\"vc_column-inner\"><div class=\"wpb_wrapper\"><h3 style=\"color: #FFA343;text-align: center\" class=\"vc_custom_heading vc_do_custom_heading theme-margin-top-60 theme-margin-bottom-50\" >Benefits of working with Sharptours<\/h3><\/div><\/div><\/div><\/div><div class=\"vc_row wpb_row vc_row-fluid\"><div class=\"theme-margin-bottom-0 wpb_column vc_column_container vc_col-sm-12\"><div class=\"vc_column-inner\"><div class=\"wpb_wrapper\">\n            <div class=\"theme-component-feature theme-component-feature-style-1\">\n                <div class=\"vc_row wpb_row vc_inner vc_row-fluid\"><div class=\"wpb_column vc_column_container vc_col-sm-4\"><div class=\"vc_column-inner\"><div class=\"wpb_wrapper\">\r\n            <div class=\"theme-component-feature-item\">\r\n                <span class=\"theme-icon-feature-check theme-component-feature-item-icon\"><span><\/span><\/span>\r\n                <h4 class=\"theme-component-feature-item-header\">Safety and comfort<\/h4><p><span data-olk-copy-source=\"MessageBody\">Experienced and trained drivers ensure safe, comfortable, and worry-free journeys.<\/span><\/p>\n\r\n            <\/div>\r\n        <\/div><\/div><\/div><div class=\"wpb_column vc_column_container vc_col-sm-4\"><div class=\"vc_column-inner\"><div class=\"wpb_wrapper\">\r\n            <div class=\"theme-component-feature-item\">\r\n                <span class=\"theme-icon-feature-price theme-component-feature-item-icon\"><span><\/span><\/span>\r\n                <h4 class=\"theme-component-feature-item-header\">Competitive prices<\/h4><p><span data-olk-copy-source=\"MessageBody\">We offer personalized services at a fair price, always striking the ideal balance between quality and value.<\/span><\/p>\n\r\n            <\/div>\r\n        <\/div><\/div><\/div><div class=\"wpb_column vc_column_container vc_col-sm-4\"><div class=\"vc_column-inner\"><div class=\"wpb_wrapper\">\r\n            <div class=\"theme-component-feature-item\">\r\n                <span class=\"theme-icon-feature-route-1 theme-component-feature-item-icon\"><span><\/span><\/span>\r\n                <h4 class=\"theme-component-feature-item-header\">Long distances<\/h4><p><span data-olk-copy-source=\"MessageBody\">We provide short and long-distance transfers, maintaining the same level of professionalism, comfort, and excellence on every route.<\/span><\/p>\n\r\n            <\/div>\r\n        <\/div><\/div><\/div><\/div>\n            <\/div>\n        <\/div><\/div><\/div><\/div><div class=\"vc_row wpb_row vc_row-fluid vc_custom_1761258760439 vc_row-has-fill vc_row-o-content-middle vc_row-flex\"><div class=\"wpb_column vc_column_container vc_col-sm-12\"><div class=\"vc_column-inner\"><div class=\"wpb_wrapper\"><h3 style=\"color: #FFA343;text-align: center\" class=\"vc_custom_heading vc_do_custom_heading theme-margin-top-60 theme-margin-bottom-50\" >Book now with Sharptours<\/h3>\r\n            <div class=\"theme-component-button theme-component-button-style-1 aligncenter\">\r\n                <a href=\"https:\/\/sharpitours.com\/en\/booking\/\" target=\"_self\">\r\n                    Book now\r\n                <\/a>\r\n            <\/div>\r\n        <\/div><\/div><\/div><\/div>\n<\/div>","protected":false},"excerpt":{"rendered":"Servi\u00e7o \u00e0s ordens Cada viagem deve refletir conforto, exclusividade e tranquilidade. Oferecemos solu\u00e7\u00f5es de transporte totalmente personalizadas, adaptadas \u00e0s suas necessidades e expectativas \u2014 seja para eventos especiais, viagens em fam\u00edlia, compromissos empresariais ou transfers privados em qualquer ponto do pa\u00eds. A equipa \u00e9 composta por condutores experientes e atenciosos, preparados para garantir uma experi\u00eancia [...]","protected":false},"author":1,"featured_media":0,"parent":0,"menu_order":0,"comment_status":"closed","ping_status":"closed","template":"","meta":{"footnotes":""},"class_list":["post-23910","page","type-page","status-publish","hentry"],"_links":{"self":[{"href":"https:\/\/sharpitours.com\/en\/wp-json\/wp\/v2\/pages\/23910","targetHints":{"allow":["GET"]}}],"collection":[{"href":"https:\/\/sharpitours.com\/en\/wp-json\/wp\/v2\/pages"}],"about":[{"href":"https:\/\/sharpitours.com\/en\/wp-json\/wp\/v2\/types\/page"}],"author":[{"embeddable":true,"href":"https:\/\/sharpitours.com\/en\/wp-json\/wp\/v2\/users\/1"}],"replies":[{"embeddable":true,"href":"https:\/\/sharpitours.com\/en\/wp-json\/wp\/v2\/comments?post=23910"}],"version-history":[{"count":77,"href":"https:\/\/sharpitours.com\/en\/wp-json\/wp\/v2\/pages\/23910\/revisions"}],"predecessor-version":[{"id":24559,"href":"https:\/\/sharpitours.com\/en\/wp-json\/wp\/v2\/pages\/23910\/revisions\/24559"}],"wp:attachment":[{"href":"https:\/\/sharpitours.com\/en\/wp-json\/wp\/v2\/media?parent=23910"}],"curies":[{"name":"wp","href":"https:\/\/api.w.org\/{rel}","templated":true}]}}