{"id":23,"date":"2019-04-05T09:25:25","date_gmt":"2019-04-05T09:25:25","guid":{"rendered":"http:\/\/quanticalabs.com\/wp_themes4\/autoride\/?page_id=23"},"modified":"2025-10-20T21:50:16","modified_gmt":"2025-10-20T21:50:16","slug":"tours","status":"publish","type":"page","link":"https:\/\/sharpitours.com\/en\/tours\/","title":{"rendered":"Tours"},"content":{"rendered":"<div class=\"wpb-content-wrapper\"><div class=\"vc_row wpb_row vc_row-fluid theme-section-padding\"><div class=\"theme-column-style-2 theme-padding-bottom-60 theme-margin-bottom-0 wpb_column vc_column_container vc_col-sm-12\"><div class=\"vc_column-inner\"><div class=\"wpb_wrapper\">\n            <div class=\"theme-component-blockquote theme-component-blockquote-style-1 theme-margin-bottom-60\">\n                <span class=\"theme-icon-meta-quote\"><\/span>\n                <blockquote>We transform travel into exceptional experiences, with the elegance and professionalism that define our service.<\/blockquote>\n                <div>Eduardo Nunes - Manager<\/div>\n            <\/div>\n        <div class=\"vc_row wpb_row vc_inner vc_row-fluid\"><div class=\"wpb_column vc_column_container vc_col-sm-12\"><div class=\"vc_column-inner\"><div class=\"wpb_wrapper\"><div class=\"vc_row wpb_row vc_row-fluid\"><div class=\"theme-margin-bottom-10 wpb_column vc_column_container vc_col-sm-12\"><div class=\"vc_column-inner\"><div class=\"wpb_wrapper\">\n            <div data-column_count=\"2\" class=\"theme-component-gallery theme-component-gallery-type-1 theme-component-gallery-effect-type-2\">\n                <ul>\n                    \r\n            <li class=\"theme-component-gallery-item-width-50\">\r\n                <a data-fancybox-group=\"autoride-gallery-1\" href=\"https:\/\/sharpitours.com\/en\/tour-santuario-de-fatima\/\">\r\n                    <img decoding=\"async\" src=\"https:\/\/sharpitours.com\/wp-content\/uploads\/2022\/11\/9BBDE173-2505-4757-8149-5A2795BE6843.png\" alt=\"Image\"\/>\r\n                    <span><span><\/span><span>Fatima Sanctuary Tour<\/span><\/span>\r\n                    <i><\/i>\r\n                <\/a>\r\n            <\/li>\r\n        \r\n            <li class=\"theme-component-gallery-item-width-50\">\r\n                <a data-fancybox-group=\"autoride-gallery-1\" href=\"https:\/\/sharpitours.com\/en\/tour-belem\/\">\r\n                    <img decoding=\"async\" src=\"https:\/\/sharpitours.com\/wp-content\/uploads\/2022\/11\/Torre-de-Belem-ao-Atardecer-1.png\" alt=\"Image\"\/>\r\n                    <span><span><\/span><span>Tour Bel\u00e9m<\/span><\/span>\r\n                    <i><\/i>\r\n                <\/a>\r\n            <\/li>\r\n        \r\n            <li class=\"theme-component-gallery-item-width-50\">\r\n                <a data-fancybox-group=\"autoride-gallery-1\" href=\"https:\/\/sharpitours.com\/en\/tour-belem-cascais-cabo-da-roca\/\">\r\n                    <img decoding=\"async\" src=\"https:\/\/sharpitours.com\/wp-content\/uploads\/2022\/11\/ChatGPT-Image-13_10_2025-19_22_16.png\" alt=\"Image\"\/>\r\n                    <span><span><\/span><span>Tour Bel\u00e9m, Cascais, Cabo da Roca<\/span><\/span>\r\n                    <i><\/i>\r\n                <\/a>\r\n            <\/li>\r\n        \n                <\/ul>\n            <\/div>\n        <\/div><\/div><\/div><\/div><\/div><\/div><\/div><\/div><\/div><\/div><\/div><\/div>\n<\/div>","protected":false},"excerpt":{"rendered":"Transformamos viagens em experi\u00eancias de excel\u00eancia, com a eleg\u00e2ncia e o profissionalismo que definem o nosso servi\u00e7o. Eduardo Nunes - Gerente Tour Santu\u00e1rio de F\u00e1tima Tour Bel\u00e9m Tour Bel\u00e9m, Cascais, Cabo da Roca","protected":false},"author":1,"featured_media":0,"parent":0,"menu_order":0,"comment_status":"closed","ping_status":"closed","template":"","meta":{"footnotes":""},"class_list":["post-23","page","type-page","status-publish","hentry"],"_links":{"self":[{"href":"https:\/\/sharpitours.com\/en\/wp-json\/wp\/v2\/pages\/23","targetHints":{"allow":["GET"]}}],"collection":[{"href":"https:\/\/sharpitours.com\/en\/wp-json\/wp\/v2\/pages"}],"about":[{"href":"https:\/\/sharpitours.com\/en\/wp-json\/wp\/v2\/types\/page"}],"author":[{"embeddable":true,"href":"https:\/\/sharpitours.com\/en\/wp-json\/wp\/v2\/users\/1"}],"replies":[{"embeddable":true,"href":"https:\/\/sharpitours.com\/en\/wp-json\/wp\/v2\/comments?post=23"}],"version-history":[{"count":15,"href":"https:\/\/sharpitours.com\/en\/wp-json\/wp\/v2\/pages\/23\/revisions"}],"predecessor-version":[{"id":24153,"href":"https:\/\/sharpitours.com\/en\/wp-json\/wp\/v2\/pages\/23\/revisions\/24153"}],"wp:attachment":[{"href":"https:\/\/sharpitours.com\/en\/wp-json\/wp\/v2\/media?parent=23"}],"curies":[{"name":"wp","href":"https:\/\/api.w.org\/{rel}","templated":true}]}}