{"id":17,"date":"2019-04-05T09:24:11","date_gmt":"2019-04-05T09:24:11","guid":{"rendered":"http:\/\/quanticalabs.com\/wp_themes4\/autoride\/?page_id=17"},"modified":"2025-10-20T21:48:19","modified_gmt":"2025-10-20T21:48:19","slug":"quem-somos","status":"publish","type":"page","link":"https:\/\/sharpitours.com\/en\/quem-somos\/","title":{"rendered":"Who we are"},"content":{"rendered":"<div class=\"wpb-content-wrapper\"><div class=\"vc_row wpb_row vc_row-fluid theme-margin-bottom-50\"><div class=\"wpb_column vc_column_container vc_col-sm-6\"><div class=\"vc_column-inner\"><div class=\"wpb_wrapper\"><h4 style=\"color: #FFA343;text-align: left\" class=\"vc_custom_heading vc_do_custom_heading\" >THE SHARPITOURS<\/h4>\r\n            <p class=\"theme-component-paragraph-large theme-component-paragraph-large-style-2 alignleft\">\r\n                Experience, comfort and safety.\r\n            <\/p>\r\n        \n\t<div class=\"wpb_text_column wpb_content_element\" >\n\t\t<div class=\"wpb_wrapper\">\n\t\t\t<p data-olk-copy-source=\"MessageBody\">Discover Portugal with <strong>Sharpitours<\/strong>, a leading provider of private tours and transfers since 2019. We are dedicated to offering exclusive experiences to national and international clients, with the perfect balance of sophistication, comfort, and authenticity.<\/p>\n<p>Our professional and experienced team ensures a personalized service, with premium vehicles and exemplary attention to every detail. More than just transportation, we guide experiences, revealing the best of Portugal with elegance, safety, and punctuality.<\/p>\n<p>In <strong>Sharpitours<\/strong>Every trip is designed for you. Because traveling with us means discovering Portugal with a different perspective: that of comfort, confidence, and true Portuguese hospitality.<\/p>\n\n\t\t<\/div>\n\t<\/div>\n<\/div><\/div><\/div><div class=\"wpb_column vc_column_container vc_col-sm-6\"><div class=\"vc_column-inner\"><div class=\"wpb_wrapper\">\n\t<div  class=\"wpb_single_image wpb_content_element vc_align_left wpb_content_element vc_custom_1760477547465\">\n\t\t\n\t\t<figure class=\"wpb_wrapper vc_figure\">\n\t\t\t<div class=\"vc_single_image-wrapper   vc_box_border_grey\"><img loading=\"lazy\" decoding=\"async\" width=\"1536\" height=\"1024\" src=\"https:\/\/sharpitours.com\/wp-content\/uploads\/2025\/10\/3.png\" class=\"vc_single_image-img attachment-full\" alt=\"\" title=\"3\" srcset=\"https:\/\/sharpitours.com\/wp-content\/uploads\/2025\/10\/3.png 1536w, https:\/\/sharpitours.com\/wp-content\/uploads\/2025\/10\/3-300x200.png 300w, https:\/\/sharpitours.com\/wp-content\/uploads\/2025\/10\/3-1024x683.png 1024w, https:\/\/sharpitours.com\/wp-content\/uploads\/2025\/10\/3-768x512.png 768w, https:\/\/sharpitours.com\/wp-content\/uploads\/2025\/10\/3-460x306.png 460w, https:\/\/sharpitours.com\/wp-content\/uploads\/2025\/10\/3-800x533.png 800w, https:\/\/sharpitours.com\/wp-content\/uploads\/2025\/10\/3-600x400.png 600w\" sizes=\"auto, (max-width: 1536px) 100vw, 1536px\" \/><\/div>\n\t\t<\/figure>\n\t<\/div>\n<\/div><\/div><\/div><\/div><div class=\"vc_row wpb_row vc_row-fluid theme-column-style-2 theme-padding-bottom-60\"><div class=\"wpb_column vc_column_container vc_col-sm-6\"><div class=\"vc_column-inner\"><div class=\"wpb_wrapper\"><h4 style=\"color: #FFA343;text-align: left\" class=\"vc_custom_heading vc_do_custom_heading\" >Why choose Sharpitours?<\/h4>\n\t<div class=\"wpb_text_column wpb_content_element vc_custom_1760477271384\" >\n\t\t<div class=\"wpb_wrapper\">\n\t\t\t<p><span data-olk-copy-source=\"MessageBody\">Because every trip should be a unique experience. <strong>Sharpitours<\/strong>We offer exclusive tours and transfers, designed for those who value comfort, elegance, and personalised service. Our priority is simple: to turn every journey into a memorable experience, with the dedication and precision that define true excellence.<\/span><\/p>\n\n\t\t<\/div>\n\t<\/div>\n\n\t<div class=\"wpb_text_column wpb_content_element vc_custom_1760996895476\" >\n\t\t<div class=\"wpb_wrapper\">\n\t\t\t<ul>\n<li><strong>Professionalism and Discretion -<\/strong> Every detail is handled with rigor and confidentiality.<\/li>\n<li><strong>Punctuality and Reliability -<\/strong> We always arrive on time, at any destination.<\/li>\n<li><strong>Comfort and elegance -<\/strong> Premium vehicles and service designed for your well-being.<\/li>\n<li><span data-olk-copy-source=\"MessageBody\"><strong>Experience and Local Knowledge -<\/strong> Drivers who know Portugal like no one else.<\/span><\/li>\n<li><span data-olk-copy-source=\"MessageBody\"><strong>Tailored service -<\/strong> We tailor each trip to your preferences and pace.<\/span><\/li>\n<\/ul>\n\n\t\t<\/div>\n\t<\/div>\n<\/div><\/div><\/div><div class=\"wpb_column vc_column_container vc_col-sm-6\"><div class=\"vc_column-inner\"><div class=\"wpb_wrapper\">\n\t<div  class=\"wpb_single_image wpb_content_element vc_align_left wpb_content_element\">\n\t\t\n\t\t<figure class=\"wpb_wrapper vc_figure\">\n\t\t\t<div class=\"vc_single_image-wrapper   vc_box_border_grey\"><img loading=\"lazy\" decoding=\"async\" width=\"930\" height=\"930\" src=\"https:\/\/sharpitours.com\/wp-content\/uploads\/2025\/10\/2147943887-e1760477077686.jpg\" class=\"vc_single_image-img attachment-full\" alt=\"\" title=\"2147943887\" srcset=\"https:\/\/sharpitours.com\/wp-content\/uploads\/2025\/10\/2147943887-e1760477077686.jpg 930w, https:\/\/sharpitours.com\/wp-content\/uploads\/2025\/10\/2147943887-e1760477077686-300x300.jpg 300w, https:\/\/sharpitours.com\/wp-content\/uploads\/2025\/10\/2147943887-e1760477077686-150x150.jpg 150w, https:\/\/sharpitours.com\/wp-content\/uploads\/2025\/10\/2147943887-e1760477077686-768x768.jpg 768w, https:\/\/sharpitours.com\/wp-content\/uploads\/2025\/10\/2147943887-e1760477077686-306x306.jpg 306w, https:\/\/sharpitours.com\/wp-content\/uploads\/2025\/10\/2147943887-e1760477077686-533x533.jpg 533w, https:\/\/sharpitours.com\/wp-content\/uploads\/2025\/10\/2147943887-e1760477077686-600x600.jpg 600w, https:\/\/sharpitours.com\/wp-content\/uploads\/2025\/10\/2147943887-e1760477077686-100x100.jpg 100w\" sizes=\"auto, (max-width: 930px) 100vw, 930px\" \/><\/div>\n\t\t<\/figure>\n\t<\/div>\n<\/div><\/div><\/div><\/div>\n<\/div>","protected":false},"excerpt":{"rendered":"A SHARPITOURS Experiencia, conforto e Seguran\u00e7a Descubra Portugal com a Sharpitours, refer\u00eancia em tours e transfers privados desde 2019. Dedicamo-nos a oferecer experi\u00eancias exclusivas a clientes nacionais e internacionais, com o equil\u00edbrio perfeito entre sofistica\u00e7\u00e3o, conforto e autenticidade. A nossa equipa profissional e experiente assegura um servi\u00e7o personalizado, com viaturas premium e uma aten\u00e7\u00e3o exemplar [...]","protected":false},"author":1,"featured_media":0,"parent":0,"menu_order":0,"comment_status":"closed","ping_status":"closed","template":"","meta":{"footnotes":""},"class_list":["post-17","page","type-page","status-publish","hentry"],"_links":{"self":[{"href":"https:\/\/sharpitours.com\/en\/wp-json\/wp\/v2\/pages\/17","targetHints":{"allow":["GET"]}}],"collection":[{"href":"https:\/\/sharpitours.com\/en\/wp-json\/wp\/v2\/pages"}],"about":[{"href":"https:\/\/sharpitours.com\/en\/wp-json\/wp\/v2\/types\/page"}],"author":[{"embeddable":true,"href":"https:\/\/sharpitours.com\/en\/wp-json\/wp\/v2\/users\/1"}],"replies":[{"embeddable":true,"href":"https:\/\/sharpitours.com\/en\/wp-json\/wp\/v2\/comments?post=17"}],"version-history":[{"count":60,"href":"https:\/\/sharpitours.com\/en\/wp-json\/wp\/v2\/pages\/17\/revisions"}],"predecessor-version":[{"id":24152,"href":"https:\/\/sharpitours.com\/en\/wp-json\/wp\/v2\/pages\/17\/revisions\/24152"}],"wp:attachment":[{"href":"https:\/\/sharpitours.com\/en\/wp-json\/wp\/v2\/media?parent=17"}],"curies":[{"name":"wp","href":"https:\/\/api.w.org\/{rel}","templated":true}]}}